{"id":135,"date":"2024-10-13T10:54:37","date_gmt":"2024-10-13T14:54:37","guid":{"rendered":"https:\/\/thomasdesrosiers.ca\/novamove\/?page_id=135"},"modified":"2024-10-13T11:24:24","modified_gmt":"2024-10-13T15:24:24","slug":"nos-transports","status":"publish","type":"page","link":"https:\/\/thomasdesrosiers.ca\/novamove\/nos-transports\/","title":{"rendered":"Nos transports"},"content":{"rendered":"\n<p>Votre mobilit\u00e9, notre priorit\u00e9.<br>Voici les diff\u00e9rents modes de transport que nous proposons.<\/p>\n\n\n\n<p><\/p>\n","protected":false},"excerpt":{"rendered":"<p>Votre mobilit\u00e9, notre priorit\u00e9.Voici les diff\u00e9rents modes de transport que nous proposons.<\/p>\n","protected":false},"author":5,"featured_media":0,"parent":0,"menu_order":0,"comment_status":"closed","ping_status":"closed","template":"tpl-transports.php","meta":{"_acf_changed":false,"footnotes":""},"class_list":["post-135","page","type-page","status-publish","hentry"],"acf":[],"_links":{"self":[{"href":"https:\/\/thomasdesrosiers.ca\/novamove\/wp-json\/wp\/v2\/pages\/135","targetHints":{"allow":["GET"]}}],"collection":[{"href":"https:\/\/thomasdesrosiers.ca\/novamove\/wp-json\/wp\/v2\/pages"}],"about":[{"href":"https:\/\/thomasdesrosiers.ca\/novamove\/wp-json\/wp\/v2\/types\/page"}],"author":[{"embeddable":true,"href":"https:\/\/thomasdesrosiers.ca\/novamove\/wp-json\/wp\/v2\/users\/5"}],"replies":[{"embeddable":true,"href":"https:\/\/thomasdesrosiers.ca\/novamove\/wp-json\/wp\/v2\/comments?post=135"}],"version-history":[{"count":1,"href":"https:\/\/thomasdesrosiers.ca\/novamove\/wp-json\/wp\/v2\/pages\/135\/revisions"}],"predecessor-version":[{"id":136,"href":"https:\/\/thomasdesrosiers.ca\/novamove\/wp-json\/wp\/v2\/pages\/135\/revisions\/136"}],"wp:attachment":[{"href":"https:\/\/thomasdesrosiers.ca\/novamove\/wp-json\/wp\/v2\/media?parent=135"}],"curies":[{"name":"wp","href":"https:\/\/api.w.org\/{rel}","templated":true}]}}