{"id":24,"date":"2024-10-12T13:43:08","date_gmt":"2024-10-12T17:43:08","guid":{"rendered":"https:\/\/thomasdesrosiers.ca\/novamove\/?page_id=24"},"modified":"2024-10-13T11:08:54","modified_gmt":"2024-10-13T15:08:54","slug":"accueil","status":"publish","type":"page","link":"https:\/\/thomasdesrosiers.ca\/novamove\/","title":{"rendered":"Accueil"},"content":{"rendered":"\n<p data-scrolly=\"fromBottomFast\">\n                    <span>Novamove<\/span>\n                    est une entreprise innovante sp\u00e9cialis\u00e9e dans le transport sous-marin. Elle propose une gamme de services r\u00e9volutionnaires, allant de\n                    <span>dirigeables<\/span>\n                    de croisi\u00e8re aux\n                    <span>trains<\/span>\n                    sous-marins, en passant par des\n                    <span>v\u00e9hicules<\/span>\n                    familials \u00e0 une\n                    <span>moto<\/span>\n                    express pour explorer les profondeurs marines.\n                <\/p>\n<p data-scrolly=\"fromBottom\">\n                    Technologie de pointe et respect de l&rsquo;environnemen sont au coeur de nos priorit\u00e9s et pour offrir des exp\u00e9riences\n                    <span>uniques<\/span>\n                    et\n                    <span>luxueuses<\/span>\n                    de voyage sous-marin, red\u00e9finissant ainsi le transport dans les\n                    <span>oc\u00e9ans<\/span>\n                    du monde.\n                <\/p>\n\n\n\n<p><\/p>\n","protected":false},"excerpt":{"rendered":"<p>Novamove est une entreprise innovante sp\u00e9cialis\u00e9e dans le transport sous-marin. Elle propose une gamme de services r\u00e9volutionnaires, allant de dirigeables de croisi\u00e8re aux trains sous-marins, en passant par des v\u00e9hicules familials \u00e0 une moto express pour explorer les profondeurs marines. Technologie de pointe et respect de l&rsquo;environnemen sont au coeur de nos priorit\u00e9s et pour [&hellip;]<\/p>\n","protected":false},"author":4,"featured_media":0,"parent":0,"menu_order":0,"comment_status":"closed","ping_status":"closed","template":"","meta":{"_acf_changed":false,"footnotes":""},"class_list":["post-24","page","type-page","status-publish","hentry"],"acf":[],"_links":{"self":[{"href":"https:\/\/thomasdesrosiers.ca\/novamove\/wp-json\/wp\/v2\/pages\/24","targetHints":{"allow":["GET"]}}],"collection":[{"href":"https:\/\/thomasdesrosiers.ca\/novamove\/wp-json\/wp\/v2\/pages"}],"about":[{"href":"https:\/\/thomasdesrosiers.ca\/novamove\/wp-json\/wp\/v2\/types\/page"}],"author":[{"embeddable":true,"href":"https:\/\/thomasdesrosiers.ca\/novamove\/wp-json\/wp\/v2\/users\/4"}],"replies":[{"embeddable":true,"href":"https:\/\/thomasdesrosiers.ca\/novamove\/wp-json\/wp\/v2\/comments?post=24"}],"version-history":[{"count":6,"href":"https:\/\/thomasdesrosiers.ca\/novamove\/wp-json\/wp\/v2\/pages\/24\/revisions"}],"predecessor-version":[{"id":155,"href":"https:\/\/thomasdesrosiers.ca\/novamove\/wp-json\/wp\/v2\/pages\/24\/revisions\/155"}],"wp:attachment":[{"href":"https:\/\/thomasdesrosiers.ca\/novamove\/wp-json\/wp\/v2\/media?parent=24"}],"curies":[{"name":"wp","href":"https:\/\/api.w.org\/{rel}","templated":true}]}}