{"id":28,"date":"2024-10-12T13:43:27","date_gmt":"2024-10-12T17:43:27","guid":{"rendered":"https:\/\/thomasdesrosiers.ca\/novamove\/?page_id=28"},"modified":"2024-10-13T10:41:28","modified_gmt":"2024-10-13T14:41:28","slug":"blogue","status":"publish","type":"page","link":"https:\/\/thomasdesrosiers.ca\/novamove\/blogue\/","title":{"rendered":"Derni\u00e8res nouvelles"},"content":{"rendered":"\n<p>D\u00e9couvrir toutes les mises \u00e0 jour importantes concernant nos services,<br>nos offres et les nouveaut\u00e9s de notre secteur.<\/p>\n","protected":false},"excerpt":{"rendered":"<p>D\u00e9couvrir toutes les mises \u00e0 jour importantes concernant nos services,nos offres et les nouveaut\u00e9s de notre secteur.<\/p>\n","protected":false},"author":4,"featured_media":0,"parent":0,"menu_order":0,"comment_status":"closed","ping_status":"closed","template":"tpl-articles.php","meta":{"_acf_changed":false,"footnotes":""},"class_list":["post-28","page","type-page","status-publish","hentry"],"acf":[],"_links":{"self":[{"href":"https:\/\/thomasdesrosiers.ca\/novamove\/wp-json\/wp\/v2\/pages\/28","targetHints":{"allow":["GET"]}}],"collection":[{"href":"https:\/\/thomasdesrosiers.ca\/novamove\/wp-json\/wp\/v2\/pages"}],"about":[{"href":"https:\/\/thomasdesrosiers.ca\/novamove\/wp-json\/wp\/v2\/types\/page"}],"author":[{"embeddable":true,"href":"https:\/\/thomasdesrosiers.ca\/novamove\/wp-json\/wp\/v2\/users\/4"}],"replies":[{"embeddable":true,"href":"https:\/\/thomasdesrosiers.ca\/novamove\/wp-json\/wp\/v2\/comments?post=28"}],"version-history":[{"count":3,"href":"https:\/\/thomasdesrosiers.ca\/novamove\/wp-json\/wp\/v2\/pages\/28\/revisions"}],"predecessor-version":[{"id":133,"href":"https:\/\/thomasdesrosiers.ca\/novamove\/wp-json\/wp\/v2\/pages\/28\/revisions\/133"}],"wp:attachment":[{"href":"https:\/\/thomasdesrosiers.ca\/novamove\/wp-json\/wp\/v2\/media?parent=28"}],"curies":[{"name":"wp","href":"https:\/\/api.w.org\/{rel}","templated":true}]}}